{"id":37,"date":"2022-12-19T02:32:04","date_gmt":"2022-12-19T02:32:04","guid":{"rendered":"https:\/\/gaviaspreview.com\/wp\/constix\/?page_id=37"},"modified":"2026-04-27T12:59:12","modified_gmt":"2026-04-27T09:59:12","slug":"services","status":"publish","type":"page","link":"https:\/\/larendemetal.com.tr\/?page_id=37","title":{"rendered":"Services"},"content":{"rendered":"<div id=\"dslc-theme-content\"><div id=\"dslc-theme-content-inner\">\t\t<div data-elementor-type=\"wp-page\" data-elementor-id=\"37\" class=\"elementor elementor-37\">\n\t\t\t\t\t\t<section class=\"elementor-section elementor-top-section elementor-element elementor-element-67152ff elementor-section-boxed elementor-section-height-default elementor-section-height-default\" data-id=\"67152ff\" data-element_type=\"section\" data-e-type=\"section\" data-settings=\"{&quot;background_background&quot;:&quot;slideshow&quot;,&quot;background_slideshow_gallery&quot;:[{&quot;id&quot;:901,&quot;url&quot;:&quot;http:\\\/\\\/larendemetal.com.tr\\\/wp-content\\\/uploads\\\/2026\\\/04\\\/WhatsApp-Image-2026-04-25-at-13.22.54.jpeg&quot;},{&quot;id&quot;:760,&quot;url&quot;:&quot;http:\\\/\\\/larendemetal.com.tr\\\/wp-content\\\/uploads\\\/2025\\\/07\\\/paslanmaz_profil.jpg&quot;}],&quot;background_slideshow_ken_burns&quot;:&quot;yes&quot;,&quot;background_slideshow_loop&quot;:&quot;yes&quot;,&quot;background_slideshow_slide_duration&quot;:5000,&quot;background_slideshow_slide_transition&quot;:&quot;fade&quot;,&quot;background_slideshow_transition_duration&quot;:500,&quot;background_slideshow_ken_burns_zoom_direction&quot;:&quot;in&quot;}\">\n\t\t\t\t\t\t\t<div class=\"elementor-background-overlay\"><\/div>\n\t\t\t\t\t\t\t<div class=\"elementor-container elementor-column-gap-default\">\n\t\t\t\t\t<div class=\"elementor-column elementor-col-100 elementor-top-column elementor-element elementor-element-108d99c\" data-id=\"108d99c\" data-element_type=\"column\" data-e-type=\"column\">\n\t\t\t<div class=\"elementor-widget-wrap elementor-element-populated\">\n\t\t\t\t\t\t<div class=\"elementor-element elementor-element-07bec2e elementor-widget elementor-widget-gva-heading-block\" data-id=\"07bec2e\" data-element_type=\"widget\" data-e-type=\"widget\" data-widget_type=\"gva-heading-block.default\">\n\t\t\t\t<div class=\"elementor-widget-container\">\n\t\t\t\t\t<div class=\"gva-element-gva-heading-block gva-element\">   <div class=\"align-left style-1 widget gsc-heading box-align-left auto-responsive\">\r\n      <div class=\"content-inner\">\r\n         \r\n                  \r\n            \r\n         \r\n                     <h2 class=\"title\">\r\n               <span>\u00dcr\u00fcnler<\/span>\r\n            <\/h2>\r\n                  \r\n                     <div class=\"title-desc\">Paslanmaz \u00c7elik Sekt\u00f6r\u00fcne Kaliteli G\u00fcvenilir \u00dcr\u00fcnler...<\/div>\r\n         \r\n         \r\n      <\/div>\r\n   <\/div>\r\n<\/div>\t\t\t\t<\/div>\n\t\t\t\t<\/div>\n\t\t\t\t\t<\/div>\n\t\t<\/div>\n\t\t\t\t\t<\/div>\n\t\t<\/section>\n\t\t\t\t<section class=\"elementor-section elementor-top-section elementor-element elementor-element-dd07740 elementor-section-boxed elementor-section-height-default elementor-section-height-default\" data-id=\"dd07740\" data-element_type=\"section\" data-e-type=\"section\">\n\t\t\t\t\t\t<div class=\"elementor-container elementor-column-gap-default\">\n\t\t\t\t\t<div class=\"elementor-column elementor-col-100 elementor-top-column elementor-element elementor-element-1e099e8\" data-id=\"1e099e8\" data-element_type=\"column\" data-e-type=\"column\">\n\t\t\t<div class=\"elementor-widget-wrap elementor-element-populated\">\n\t\t\t\t\t\t<div class=\"elementor-element elementor-element-32a7e7a elementor-widget elementor-widget-gva_icon_box_group\" data-id=\"32a7e7a\" data-element_type=\"widget\" data-e-type=\"widget\" data-widget_type=\"gva_icon_box_group.default\">\n\t\t\t\t<div class=\"elementor-widget-container\">\n\t\t\t\t\t<div class=\"gva-element-gva_icon_box_group gva-element\">\r\n<div class=\"gsc-icon-box-group layout-carousel swiper-slider-wrapper \">\r\n   <div class=\"swiper-content-inner\">\r\n      <div class=\"init-carousel-swiper swiper\" data-carousel=\"{&quot;items&quot;:4,&quot;items_lg&quot;:4,&quot;items_md&quot;:3,&quot;items_sm&quot;:2,&quot;items_xs&quot;:2,&quot;items_xx&quot;:2,&quot;effect&quot;:&quot;slide&quot;,&quot;space_between&quot;:30,&quot;loop&quot;:1,&quot;speed&quot;:600,&quot;autoplay&quot;:1,&quot;autoplay_delay&quot;:4500,&quot;autoplay_hover&quot;:1,&quot;navigation&quot;:1,&quot;pagination&quot;:0,&quot;dynamic_bullets&quot;:0,&quot;pagination_type&quot;:&quot;bullets&quot;}\">\r\n         <div class=\"swiper-wrapper\">\r\n            <div class=\"swiper-slide\">\r\n<div class=\"icon-box-item elementor-repeater-item-d833a49\">\r\n\t\t<div class=\"iconbox-one__single\"><h3 class=\"iconbox-one__title\">\u00dcr\u00fcn<br>Ara\u015ft\u0131rmas\u0131<\/h3><div class=\"iconbox-one__icon\"><i aria-hidden=\"true\" class=\" cicon-lab\"><\/i><\/div><div class=\"iconbox-one__desc\">Size uygun \u00fcr\u00fcn ara\u015ft\u0131rmas\u0131 ile ba\u015fl\u0131yoruz.<\/div><\/div>\r\n\t\t<\/div><\/div><div class=\"swiper-slide\">\r\n<div class=\"icon-box-item elementor-repeater-item-b50c52e\">\r\n\t\t<div class=\"iconbox-one__single\"><h3 class=\"iconbox-one__title\">Size Uygun<br>Fikirler<\/h3><div class=\"iconbox-one__icon\"><i aria-hidden=\"true\" class=\" cicon-measure\"><\/i><\/div><div class=\"iconbox-one__desc\">Size uygun fikirleri g\u00f6zden ge\u00e7iriyoruz.<\/div><\/div>\r\n\t\t<\/div><\/div><div class=\"swiper-slide\">\r\n<div class=\"icon-box-item elementor-repeater-item-2c50c28\">\r\n\t\t<div class=\"iconbox-one__single\"><h3 class=\"iconbox-one__title\">H\u0131zl\u0131 ve Kolay<br>S\u00fcre\u00e7<\/h3><div class=\"iconbox-one__icon\"><i aria-hidden=\"true\" class=\" cicon-mission\"><\/i><\/div><div class=\"iconbox-one__desc\">T\u00fcm s\u00fcreci h\u0131zland\u0131r\u0131yor ve kolayla\u015ft\u0131r\u0131yoruz.<\/div><\/div>\r\n\t\t<\/div><\/div><div class=\"swiper-slide\">\r\n<div class=\"icon-box-item elementor-repeater-item-c492c79\">\r\n\t\t<div class=\"iconbox-one__single\"><h3 class=\"iconbox-one__title\">M\u00fckemmel<br>\u00c7\u00f6z\u00fcmler<\/h3><div class=\"iconbox-one__icon\"><i aria-hidden=\"true\" class=\" cicon-buildings-1\"><\/i><\/div><div class=\"iconbox-one__desc\">Size m\u00fckemmel \u00e7\u00f6z\u00fcmler sunuyoruz.<\/div><\/div>\r\n\t\t<\/div><\/div><div class=\"swiper-slide\">\r\n<div class=\"icon-box-item elementor-repeater-item-52c7008\">\r\n\t\t<div class=\"iconbox-one__single\"><h3 class=\"iconbox-one__title\">Kaliteli<br>\u00dcr\u00fcnler<\/h3><div class=\"iconbox-one__icon\"><i aria-hidden=\"true\" class=\" cicon-industrial-park-1\"><\/i><\/div><div class=\"iconbox-one__desc\">Sekt\u00f6r\u00fcn en kaliteli \u00fcr\u00fcnleri ile size hizmet ediyoruz.<\/div><\/div>\r\n\t\t<\/div><\/div>         <\/div>\r\n      <\/div>\r\n   <\/div>   \r\n   <div class=\"swiper-pagination\"><\/div>   <div class=\"swiper-nav-next\"><\/div><div class=\"swiper-nav-prev\"><\/div><\/div>\r\n<\/div>\t\t\t\t<\/div>\n\t\t\t\t<\/div>\n\t\t\t\t\t<\/div>\n\t\t<\/div>\n\t\t\t\t\t<\/div>\n\t\t<\/section>\n\t\t\t\t<section class=\"elementor-section elementor-top-section elementor-element elementor-element-ee08d72 elementor-section-boxed elementor-section-height-default elementor-section-height-default\" data-id=\"ee08d72\" data-element_type=\"section\" data-e-type=\"section\">\n\t\t\t\t\t\t<div class=\"elementor-container elementor-column-gap-default\">\n\t\t\t\t\t<div class=\"elementor-column elementor-col-100 elementor-top-column elementor-element elementor-element-697956a\" data-id=\"697956a\" data-element_type=\"column\" data-e-type=\"column\">\n\t\t\t<div class=\"elementor-widget-wrap elementor-element-populated\">\n\t\t\t\t\t\t<div class=\"elementor-element elementor-element-5c59828 elementor-widget elementor-widget-gva-heading-block\" data-id=\"5c59828\" data-element_type=\"widget\" data-e-type=\"widget\" data-widget_type=\"gva-heading-block.default\">\n\t\t\t\t<div class=\"elementor-widget-container\">\n\t\t\t\t\t<div class=\"gva-element-gva-heading-block gva-element\">   <div class=\"align-center style-1 widget gsc-heading box-align-left auto-responsive\">\r\n      <div class=\"content-inner\">\r\n         \r\n                  \r\n         <div class=\"sub-title\"><span class=\"heading-icon\"><\/span><span class=\"tagline\">ne sunuyoruz<\/span><\/div>   \r\n         \r\n                     <h2 class=\"title\">\r\n               <span>Paslanmaz \u00c7elik Sekt\u00f6r\u00fcne \u00dcr\u00fcnler Sunuyoruz<\/span>\r\n            <\/h2>\r\n                  \r\n         \r\n         \r\n      <\/div>\r\n   <\/div>\r\n<\/div>\t\t\t\t<\/div>\n\t\t\t\t<\/div>\n\t\t\t\t<div class=\"elementor-element elementor-element-7c910a6 elementor-widget elementor-widget-gva-services\" data-id=\"7c910a6\" data-element_type=\"widget\" data-e-type=\"widget\" data-widget_type=\"gva-services.default\">\n\t\t\t\t<div class=\"elementor-widget-container\">\n\t\t\t\t\t<div class=\"gva-element-gva-services gva-element\">\r\n<div class=\"gsc-services layout-grid\">\r\n   <div class=\"lg-block-grid-3 md-block-grid-3 sm-block-grid-2 xs-block-grid-2 xx-block-grid-1\">\r\n      <div class=\"item-columns\">\r\n<div class=\"service-one__single\"><div class=\"service-one__content\"><div class=\"service-one__image\"><img decoding=\"async\" data-src=\"https:\/\/larendemetal.com.tr\/wp-content\/uploads\/2025\/07\/paslanmaz_rulo.jpg\" alt=\"Paslanmaz Rulo\" src=\"data:image\/svg+xml;base64,PHN2ZyB3aWR0aD0iMSIgaGVpZ2h0PSIxIiB4bWxucz0iaHR0cDovL3d3dy53My5vcmcvMjAwMC9zdmciPjwvc3ZnPg==\" class=\"lazyload\" style=\"--smush-placeholder-width: 1200px; --smush-placeholder-aspect-ratio: 1200\/800;\" \/><span class=\"service-one__icon\"><i aria-hidden=\"true\" class=\" cicon-right\"><\/i><\/span><\/div><div class=\"service-one__content-inner\"><h4 class=\"service-one__title\"><span>Paslanmaz Rulo<\/span><\/h4><\/div>\t\t  <a href=\"https:\/\/larendemetal.com.tr\/?p=738\" class=\"service-one__link-overlay\" target=\"_blank\"><\/a>\r\n\t\t  <\/div><\/div>\t\r\n\r\n\r\n\r\n<\/div><div class=\"item-columns\">\r\n<div class=\"service-one__single\"><div class=\"service-one__content\"><div class=\"service-one__image\"><img decoding=\"async\" data-src=\"https:\/\/larendemetal.com.tr\/wp-content\/uploads\/2025\/07\/paslanmaz_sac.jpg\" alt=\"Paslanmaz Sac\" src=\"data:image\/svg+xml;base64,PHN2ZyB3aWR0aD0iMSIgaGVpZ2h0PSIxIiB4bWxucz0iaHR0cDovL3d3dy53My5vcmcvMjAwMC9zdmciPjwvc3ZnPg==\" class=\"lazyload\" style=\"--smush-placeholder-width: 1200px; --smush-placeholder-aspect-ratio: 1200\/800;\" \/><span class=\"service-one__icon\"><i aria-hidden=\"true\" class=\" cicon-right\"><\/i><\/span><\/div><div class=\"service-one__content-inner\"><h4 class=\"service-one__title\"><span>Paslanmaz Sac<\/span><\/h4><\/div>\t\t  <a href=\"https:\/\/larendemetal.com.tr\/?p=746\" class=\"service-one__link-overlay\" target=\"_blank\"><\/a>\r\n\t\t  <\/div><\/div>\t\r\n\r\n\r\n\r\n<\/div><div class=\"item-columns\">\r\n<div class=\"service-one__single\"><div class=\"service-one__content\"><div class=\"service-one__image\"><img decoding=\"async\" data-src=\"https:\/\/larendemetal.com.tr\/wp-content\/uploads\/2025\/07\/paslanmaz_boru.jpg\" alt=\"Paslanmaz Boru\" src=\"data:image\/svg+xml;base64,PHN2ZyB3aWR0aD0iMSIgaGVpZ2h0PSIxIiB4bWxucz0iaHR0cDovL3d3dy53My5vcmcvMjAwMC9zdmciPjwvc3ZnPg==\" class=\"lazyload\" style=\"--smush-placeholder-width: 1200px; --smush-placeholder-aspect-ratio: 1200\/800;\" \/><span class=\"service-one__icon\"><i aria-hidden=\"true\" class=\" cicon-right\"><\/i><\/span><\/div><div class=\"service-one__content-inner\"><h4 class=\"service-one__title\"><span>Paslanmaz Boru<\/span><\/h4><\/div>\t\t  <a href=\"https:\/\/larendemetal.com.tr\/?p=752\" class=\"service-one__link-overlay\" target=\"_blank\"><\/a>\r\n\t\t  <\/div><\/div>\t\r\n\r\n\r\n\r\n<\/div><div class=\"item-columns\">\r\n<div class=\"service-one__single\"><div class=\"service-one__content\"><div class=\"service-one__image\"><img decoding=\"async\" data-src=\"https:\/\/larendemetal.com.tr\/wp-content\/uploads\/2025\/07\/paslanmaz_profil.jpg\" alt=\"Paslanmaz Profil\" src=\"data:image\/svg+xml;base64,PHN2ZyB3aWR0aD0iMSIgaGVpZ2h0PSIxIiB4bWxucz0iaHR0cDovL3d3dy53My5vcmcvMjAwMC9zdmciPjwvc3ZnPg==\" class=\"lazyload\" style=\"--smush-placeholder-width: 1200px; --smush-placeholder-aspect-ratio: 1200\/800;\" \/><span class=\"service-one__icon\"><i aria-hidden=\"true\" class=\" cicon-right\"><\/i><\/span><\/div><div class=\"service-one__content-inner\"><h4 class=\"service-one__title\"><span>Paslanmaz Profil<\/span><\/h4><\/div>\t\t  <a href=\"https:\/\/larendemetal.com.tr\/?p=759\" class=\"service-one__link-overlay\"><\/a>\r\n\t\t  <\/div><\/div>\t\r\n\r\n\r\n\r\n<\/div><div class=\"item-columns\">\r\n<div class=\"service-one__single\"><div class=\"service-one__content\"><div class=\"service-one__image\"><img decoding=\"async\" data-src=\"https:\/\/larendemetal.com.tr\/wp-content\/uploads\/2025\/07\/paslanmaz_cubuk.jpg\" alt=\"Paslanmaz \u00c7ubuk\" src=\"data:image\/svg+xml;base64,PHN2ZyB3aWR0aD0iMSIgaGVpZ2h0PSIxIiB4bWxucz0iaHR0cDovL3d3dy53My5vcmcvMjAwMC9zdmciPjwvc3ZnPg==\" class=\"lazyload\" style=\"--smush-placeholder-width: 1200px; --smush-placeholder-aspect-ratio: 1200\/800;\" \/><span class=\"service-one__icon\"><i aria-hidden=\"true\" class=\" cicon-right\"><\/i><\/span><\/div><div class=\"service-one__content-inner\"><h4 class=\"service-one__title\"><span>Paslanmaz \u00c7ubuk<\/span><\/h4><\/div>\t\t  <a href=\"https:\/\/larendemetal.com.tr\/?p=766\" class=\"service-one__link-overlay\"><\/a>\r\n\t\t  <\/div><\/div>\t\r\n\r\n\r\n\r\n<\/div><div class=\"item-columns\">\r\n<div class=\"service-one__single\"><div class=\"service-one__content\"><div class=\"service-one__image\"><img decoding=\"async\" data-src=\"https:\/\/larendemetal.com.tr\/wp-content\/uploads\/2025\/07\/paslanmaz_lama.jpg\" alt=\"Paslanmaz Lama\" src=\"data:image\/svg+xml;base64,PHN2ZyB3aWR0aD0iMSIgaGVpZ2h0PSIxIiB4bWxucz0iaHR0cDovL3d3dy53My5vcmcvMjAwMC9zdmciPjwvc3ZnPg==\" class=\"lazyload\" style=\"--smush-placeholder-width: 1200px; --smush-placeholder-aspect-ratio: 1200\/800;\" \/><span class=\"service-one__icon\"><i aria-hidden=\"true\" class=\" cicon-arrow\"><\/i><\/span><\/div><div class=\"service-one__content-inner\"><h4 class=\"service-one__title\"><span>Paslanmaz Lama<\/span><\/h4><\/div>\t\t  <a href=\"https:\/\/larendemetal.com.tr\/?p=770\" class=\"service-one__link-overlay\"><\/a>\r\n\t\t  <\/div><\/div>\t\r\n\r\n\r\n\r\n<\/div><div class=\"item-columns\">\r\n<div class=\"service-one__single\"><div class=\"service-one__content\"><div class=\"service-one__image\"><img decoding=\"async\" data-src=\"https:\/\/larendemetal.com.tr\/wp-content\/uploads\/2025\/07\/paslanmaz_kosebent.jpg\" alt=\"Paslanmaz K\u00f6sebent\" src=\"data:image\/svg+xml;base64,PHN2ZyB3aWR0aD0iMSIgaGVpZ2h0PSIxIiB4bWxucz0iaHR0cDovL3d3dy53My5vcmcvMjAwMC9zdmciPjwvc3ZnPg==\" class=\"lazyload\" style=\"--smush-placeholder-width: 1200px; --smush-placeholder-aspect-ratio: 1200\/800;\" \/><span class=\"service-one__icon\"><i aria-hidden=\"true\" class=\" cicon-right\"><\/i><\/span><\/div><div class=\"service-one__content-inner\"><h4 class=\"service-one__title\"><span>Paslanmaz K\u00f6sebent<\/span><\/h4><\/div>\t\t  <a href=\"https:\/\/larendemetal.com.tr\/?p=781\" class=\"service-one__link-overlay\"><\/a>\r\n\t\t  <\/div><\/div>\t\r\n\r\n\r\n\r\n<\/div><div class=\"item-columns\">\r\n<div class=\"service-one__single\"><div class=\"service-one__content\"><div class=\"service-one__image\"><img decoding=\"async\" data-src=\"https:\/\/larendemetal.com.tr\/wp-content\/uploads\/2025\/07\/paslanmaz_fittings.jpg\" alt=\"Paslanmaz Fittings\" src=\"data:image\/svg+xml;base64,PHN2ZyB3aWR0aD0iMSIgaGVpZ2h0PSIxIiB4bWxucz0iaHR0cDovL3d3dy53My5vcmcvMjAwMC9zdmciPjwvc3ZnPg==\" class=\"lazyload\" style=\"--smush-placeholder-width: 1200px; --smush-placeholder-aspect-ratio: 1200\/800;\" \/><span class=\"service-one__icon\"><i aria-hidden=\"true\" class=\" cicon-arrow\"><\/i><\/span><\/div><div class=\"service-one__content-inner\"><h4 class=\"service-one__title\"><span>Paslanmaz Fittings<\/span><\/h4><\/div>\t\t  <a href=\"https:\/\/larendemetal.com.tr\/?p=802\" class=\"service-one__link-overlay\"><\/a>\r\n\t\t  <\/div><\/div>\t\r\n\r\n\r\n\r\n<\/div>   <\/div>\r\n<\/div>\r\n<\/div>\t\t\t\t<\/div>\n\t\t\t\t<\/div>\n\t\t\t\t\t<\/div>\n\t\t<\/div>\n\t\t\t\t\t<\/div>\n\t\t<\/section>\n\t\t\t\t<section class=\"elementor-section elementor-top-section elementor-element elementor-element-c6640ea elementor-section-boxed elementor-section-height-default elementor-section-height-default\" data-id=\"c6640ea\" data-element_type=\"section\" data-e-type=\"section\">\n\t\t\t\t\t\t<div class=\"elementor-container elementor-column-gap-default\">\n\t\t\t\t\t<div class=\"elementor-column elementor-col-100 elementor-top-column elementor-element elementor-element-84858dc\" data-id=\"84858dc\" data-element_type=\"column\" data-e-type=\"column\">\n\t\t\t<div class=\"elementor-widget-wrap\">\n\t\t\t\t\t\t\t<\/div>\n\t\t<\/div>\n\t\t\t\t\t<\/div>\n\t\t<\/section>\n\t\t\t\t<\/div>\n\t\t<\/div><\/div>","protected":false},"excerpt":{"rendered":"<p>\u00dcr\u00fcnler Paslanmaz \u00c7elik Sekt\u00f6r\u00fcne Kaliteli G\u00fcvenilir \u00dcr\u00fcnler... \u00dcr\u00fcnAra\u015ft\u0131rmas\u0131 Size uygun \u00fcr\u00fcn ara\u015ft\u0131rmas\u0131 ile ba\u015fl\u0131yoruz. Size UygunFikirler Size uygun fikirleri g\u00f6zden ge\u00e7iriyoruz. H\u0131zl\u0131 ve KolayS\u00fcre\u00e7 T\u00fcm s\u00fcreci h\u0131zland\u0131r\u0131yor ve kolayla\u015ft\u0131r\u0131yoruz. M\u00fckemmel\u00c7\u00f6z\u00fcmler Size m\u00fckemmel \u00e7\u00f6z\u00fcmler sunuyoruz. Kaliteli\u00dcr\u00fcnler Sekt\u00f6r\u00fcn en kaliteli \u00fcr\u00fcnleri ile size hizmet ediyoruz. ne sunuyoruz Paslanmaz \u00c7elik Sekt\u00f6r\u00fcne \u00dcr\u00fcnler Sunuyoruz Paslanmaz Rulo Paslanmaz Sac Paslanmaz [&hellip;]<\/p>\n","protected":false},"author":1,"featured_media":0,"parent":0,"menu_order":0,"comment_status":"closed","ping_status":"closed","template":"","meta":{"footnotes":""},"class_list":["post-37","page","type-page","status-publish","hentry"],"_links":{"self":[{"href":"https:\/\/larendemetal.com.tr\/index.php?rest_route=\/wp\/v2\/pages\/37","targetHints":{"allow":["GET"]}}],"collection":[{"href":"https:\/\/larendemetal.com.tr\/index.php?rest_route=\/wp\/v2\/pages"}],"about":[{"href":"https:\/\/larendemetal.com.tr\/index.php?rest_route=\/wp\/v2\/types\/page"}],"author":[{"embeddable":true,"href":"https:\/\/larendemetal.com.tr\/index.php?rest_route=\/wp\/v2\/users\/1"}],"replies":[{"embeddable":true,"href":"https:\/\/larendemetal.com.tr\/index.php?rest_route=%2Fwp%2Fv2%2Fcomments&post=37"}],"version-history":[{"count":48,"href":"https:\/\/larendemetal.com.tr\/index.php?rest_route=\/wp\/v2\/pages\/37\/revisions"}],"predecessor-version":[{"id":933,"href":"https:\/\/larendemetal.com.tr\/index.php?rest_route=\/wp\/v2\/pages\/37\/revisions\/933"}],"wp:attachment":[{"href":"https:\/\/larendemetal.com.tr\/index.php?rest_route=%2Fwp%2Fv2%2Fmedia&parent=37"}],"curies":[{"name":"wp","href":"https:\/\/api.w.org\/{rel}","templated":true}]}}