{"id":23,"date":"2022-12-19T02:29:04","date_gmt":"2022-12-19T02:29:04","guid":{"rendered":"https:\/\/gaviaspreview.com\/wp\/constix\/?page_id=23"},"modified":"2026-04-27T12:58:15","modified_gmt":"2026-04-27T09:58:15","slug":"hakiimizda","status":"publish","type":"page","link":"https:\/\/larendemetal.com.tr\/?page_id=23","title":{"rendered":"Hakk\u0131m\u0131zda"},"content":{"rendered":"<div id=\"dslc-theme-content\"><div id=\"dslc-theme-content-inner\">\t\t<div data-elementor-type=\"wp-page\" data-elementor-id=\"23\" class=\"elementor elementor-23\">\n\t\t\t\t\t\t<section class=\"elementor-section elementor-top-section elementor-element elementor-element-ee503c8 elementor-section-full_width elementor-section-height-default elementor-section-height-default\" data-id=\"ee503c8\" data-element_type=\"section\" data-e-type=\"section\" data-settings=\"{&quot;background_background&quot;:&quot;slideshow&quot;,&quot;background_slideshow_gallery&quot;:[{&quot;id&quot;:887,&quot;url&quot;:&quot;http:\\\/\\\/larendemetal.com.tr\\\/wp-content\\\/uploads\\\/2026\\\/04\\\/Adsiz-tasarim.jpg&quot;},{&quot;id&quot;:753,&quot;url&quot;:&quot;http:\\\/\\\/larendemetal.com.tr\\\/wp-content\\\/uploads\\\/2025\\\/07\\\/paslanmaz_boru.jpg&quot;}],&quot;background_slideshow_ken_burns&quot;:&quot;yes&quot;,&quot;background_slideshow_loop&quot;:&quot;yes&quot;,&quot;background_slideshow_slide_duration&quot;:5000,&quot;background_slideshow_slide_transition&quot;:&quot;fade&quot;,&quot;background_slideshow_transition_duration&quot;:500,&quot;background_slideshow_ken_burns_zoom_direction&quot;:&quot;in&quot;}\">\n\t\t\t\t\t\t\t<div class=\"elementor-background-overlay\"><\/div>\n\t\t\t\t\t\t\t<div class=\"elementor-container elementor-column-gap-default\">\n\t\t\t\t\t<div class=\"elementor-column elementor-col-100 elementor-top-column elementor-element elementor-element-8028c45\" data-id=\"8028c45\" data-element_type=\"column\" data-e-type=\"column\">\n\t\t\t<div class=\"elementor-widget-wrap elementor-element-populated\">\n\t\t\t\t\t\t<div class=\"elementor-element elementor-element-c65b3d7 elementor-widget elementor-widget-gva-heading-block\" data-id=\"c65b3d7\" data-element_type=\"widget\" data-e-type=\"widget\" data-widget_type=\"gva-heading-block.default\">\n\t\t\t\t<div class=\"elementor-widget-container\">\n\t\t\t\t\t<div class=\"gva-element-gva-heading-block gva-element\">   <div class=\"align-left style-1 widget gsc-heading box-align-left auto-responsive\">\r\n      <div class=\"content-inner\">\r\n         \r\n                  \r\n            \r\n         \r\n                     <h2 class=\"title\">\r\n               <span>Hakk\u0131m\u0131zda<\/span>\r\n            <\/h2>\r\n                  \r\n                     <div class=\"title-desc\">Paslanmaz Metal Sekt\u00f6r\u00fcne Kaliteli G\u00fcvenilir \u00dcr\u00fcnler...<\/div>\r\n         \r\n         \r\n      <\/div>\r\n   <\/div>\r\n<\/div>\t\t\t\t<\/div>\n\t\t\t\t<\/div>\n\t\t\t\t\t<\/div>\n\t\t<\/div>\n\t\t\t\t\t<\/div>\n\t\t<\/section>\n\t\t\t\t<section class=\"elementor-section elementor-top-section elementor-element elementor-element-3b6761e elementor-section-boxed elementor-section-height-default elementor-section-height-default\" data-id=\"3b6761e\" data-element_type=\"section\" data-e-type=\"section\" data-settings=\"{&quot;background_background&quot;:&quot;classic&quot;}\">\n\t\t\t\t\t\t<div class=\"elementor-container elementor-column-gap-default\">\n\t\t\t\t\t<div class=\"elementor-column elementor-col-50 elementor-top-column elementor-element elementor-element-242b0c6\" data-id=\"242b0c6\" data-element_type=\"column\" data-e-type=\"column\">\n\t\t\t<div class=\"elementor-widget-wrap elementor-element-populated\">\n\t\t\t\t\t\t<div class=\"elementor-element elementor-element-0f1a5e2 elementor-widget elementor-widget-gva-image-content\" data-id=\"0f1a5e2\" data-element_type=\"widget\" data-e-type=\"widget\" data-widget_type=\"gva-image-content.default\">\n\t\t\t\t<div class=\"elementor-widget-container\">\n\t\t\t\t\t<div class=\"gva-element-gva-image-content gva-element\">\t\t\r\n\t  \r\n\t \r\n\r\n\t \r\n\r\n\t\t\t<div class=\"about-three__single\">\r\n\t\t  \t<div class=\"about-three__image\"><div class=\"content-inner\">\t\t  <a href=\"https:\/\/gaviaspreview.com\/wp\/constix\/about\/\">\r\n\t\t\t <img decoding=\"async\" data-src=\"http:\/\/larendemetal.com.tr\/wp-content\/uploads\/2026\/04\/Adsiz-1jpg.jpg\" alt=\"\" src=\"data:image\/svg+xml;base64,PHN2ZyB3aWR0aD0iMSIgaGVpZ2h0PSIxIiB4bWxucz0iaHR0cDovL3d3dy53My5vcmcvMjAwMC9zdmciPjwvc3ZnPg==\" class=\"lazyload\" style=\"--smush-placeholder-width: 400px; --smush-placeholder-aspect-ratio: 400\/460;\" \/>\t\t  <\/a>\r\n\t\t  <\/div><\/div><div class=\"about-three__image-second\"><div class=\"content-inner\">\t\t  <a href=\"https:\/\/gaviaspreview.com\/wp\/constix\/about\/\">\r\n\t\t\t <img decoding=\"async\" data-src=\"http:\/\/larendemetal.com.tr\/wp-content\/uploads\/2026\/04\/Adsiz-3.jpg\" alt=\"\" src=\"data:image\/svg+xml;base64,PHN2ZyB3aWR0aD0iMSIgaGVpZ2h0PSIxIiB4bWxucz0iaHR0cDovL3d3dy53My5vcmcvMjAwMC9zdmciPjwvc3ZnPg==\" class=\"lazyload\" style=\"--smush-placeholder-width: 400px; --smush-placeholder-aspect-ratio: 400\/460;\" \/>\t\t  <\/a>\r\n\t\t  <\/div><\/div>\t\t<\/div>\r\n\t\r\n\t \r\n  \r\n \r\n\r\n  \r\n \r\n\r\n <\/div>\t\t\t\t<\/div>\n\t\t\t\t<\/div>\n\t\t\t\t\t<\/div>\n\t\t<\/div>\n\t\t\t\t<div class=\"elementor-column elementor-col-50 elementor-top-column elementor-element elementor-element-83ff4d5\" data-id=\"83ff4d5\" data-element_type=\"column\" data-e-type=\"column\">\n\t\t\t<div class=\"elementor-widget-wrap elementor-element-populated\">\n\t\t\t\t\t\t<div class=\"elementor-element elementor-element-e63e02d elementor-widget elementor-widget-gva-heading-block\" data-id=\"e63e02d\" data-element_type=\"widget\" data-e-type=\"widget\" data-settings=\"{&quot;_animation&quot;:&quot;none&quot;}\" data-widget_type=\"gva-heading-block.default\">\n\t\t\t\t<div class=\"elementor-widget-container\">\n\t\t\t\t\t<div class=\"gva-element-gva-heading-block gva-element\">   <div class=\"align-left style-1 widget gsc-heading box-align-left auto-responsive\">\r\n      <div class=\"content-inner\">\r\n         \r\n                  \r\n         <div class=\"sub-title\"><span class=\"heading-icon\"><\/span><span class=\"tagline\">Hakk\u0131m\u0131zda<\/span><\/div>   \r\n         \r\n                     <h2 class=\"title\">\r\n               <span>Metal Sekt\u00f6r\u00fcn\u00fcn ihtiyac\u0131n\u0131 kar\u015f\u0131l\u0131yoruz<\/span>\r\n            <\/h2>\r\n                  \r\n         \r\n         \r\n      <\/div>\r\n   <\/div>\r\n<\/div>\t\t\t\t<\/div>\n\t\t\t\t<\/div>\n\t\t\t\t<div class=\"elementor-element elementor-element-fd48b73 elementor-widget__width-initial elementor-widget elementor-widget-text-editor\" data-id=\"fd48b73\" data-element_type=\"widget\" data-e-type=\"widget\" data-widget_type=\"text-editor.default\">\n\t\t\t\t<div class=\"elementor-widget-container\">\n\t\t\t\t\t\t\t\t\t<p>Larende Paslanmaz, paslanmaz \u00e7elik sekt\u00f6r\u00fcnde kalite, g\u00fcven ve s\u00fcrd\u00fcr\u00fclebilir hizmet anlay\u0131\u015f\u0131yla faaliyet g\u00f6steren gen\u00e7 ve dinamik bir firmad\u0131r. 5 y\u0131ll\u0131k kurumsal ge\u00e7mi\u015fine ra\u011fmen, temellerini sekt\u00f6r\u00fcn i\u00e7inden gelen g\u00fc\u00e7l\u00fc bir deneyime dayand\u0131rmaktad\u0131r.<br \/>\u015eirket kurucumuzun 15 y\u0131l\u0131 a\u015fk\u0131n sekt\u00f6r tecr\u00fcbesi sayesinde, m\u00fc\u015fteri ihtiya\u00e7lar\u0131n\u0131 do\u011fru analiz eden, h\u0131zl\u0131 ve \u00e7\u00f6z\u00fcm odakl\u0131 yakla\u015f\u0131m\u0131m\u0131zla k\u0131sa s\u00fcrede g\u00fcvenilir bir i\u015f orta\u011f\u0131 haline geldik.<br \/>Faaliyetlerimizi; sa\u00e7, boru, profil, \u00e7ubuk, lama ve fittings \u00fcr\u00fcn gruplar\u0131nda geni\u015f \u00fcr\u00fcn yelpazesiyle s\u00fcrd\u00fcrmekteyiz. Kaliteden \u00f6d\u00fcn vermeden, do\u011fru \u00fcr\u00fcn\u00fc do\u011fru zamanda sunmay\u0131 ilke edinerek, m\u00fc\u015fterilerimize uzun vadeli \u00e7\u00f6z\u00fcmler sa\u011flamay\u0131 hedefliyoruz.<br \/>Larende Paslanmaz olarak, sadece \u00fcr\u00fcn tedarik eden de\u011fil; ayn\u0131 zamanda m\u00fc\u015fterilerine de\u011fer katan, \u00e7\u00f6z\u00fcm \u00fcreten ve i\u015f s\u00fcre\u00e7lerini kolayla\u015ft\u0131ran bir i\u015f orta\u011f\u0131 olmay\u0131 ama\u00e7l\u0131yoruz.<\/p>\t\t\t\t\t\t\t\t<\/div>\n\t\t\t\t<\/div>\n\t\t\t\t\t<\/div>\n\t\t<\/div>\n\t\t\t\t\t<\/div>\n\t\t<\/section>\n\t\t\t\t<section class=\"elementor-section elementor-top-section elementor-element elementor-element-ddcee76 elementor-section-boxed elementor-section-height-default elementor-section-height-default\" data-id=\"ddcee76\" data-element_type=\"section\" data-e-type=\"section\" data-settings=\"{&quot;background_background&quot;:&quot;classic&quot;}\">\n\t\t\t\t\t\t<div class=\"elementor-container elementor-column-gap-default\">\n\t\t\t\t\t<div class=\"elementor-column elementor-col-50 elementor-top-column elementor-element elementor-element-338a29e\" data-id=\"338a29e\" data-element_type=\"column\" data-e-type=\"column\">\n\t\t\t<div class=\"elementor-widget-wrap elementor-element-populated\">\n\t\t\t\t\t\t<div class=\"elementor-element elementor-element-8bb240c elementor-widget elementor-widget-gva-heading-block\" data-id=\"8bb240c\" data-element_type=\"widget\" data-e-type=\"widget\" data-widget_type=\"gva-heading-block.default\">\n\t\t\t\t<div class=\"elementor-widget-container\">\n\t\t\t\t\t<div class=\"gva-element-gva-heading-block gva-element\">   <div class=\"align-center style-1 widget gsc-heading box-align-left auto-responsive\">\r\n      <div class=\"content-inner\">\r\n         \r\n                  \r\n         <div class=\"sub-title\"><span class=\"heading-icon\"><\/span><span class=\"tagline\">S\u0131k\u00e7a Sorulan Sorular<\/span><\/div>   \r\n         \r\n                     <h2 class=\"title\">\r\n               <span>Neden Bizimle \u00e7al\u0131\u015fmal\u0131?<\/span>\r\n            <\/h2>\r\n                  \r\n         \r\n         \r\n      <\/div>\r\n   <\/div>\r\n<\/div>\t\t\t\t<\/div>\n\t\t\t\t<\/div>\n\t\t\t\t<div class=\"elementor-element elementor-element-ce6214e elementor-widget elementor-widget-gva-image-content\" data-id=\"ce6214e\" data-element_type=\"widget\" data-e-type=\"widget\" data-widget_type=\"gva-image-content.default\">\n\t\t\t\t<div class=\"elementor-widget-container\">\n\t\t\t\t\t<div class=\"gva-element-gva-image-content gva-element\">\t\t\r\n\t  \r\n\t \r\n\r\n\t \r\n\r\n\t\r\n\t \r\n  \r\n \r\n\r\n  \r\n  \t<div class=\"about-six__single\">\r\n  \t\t<div class=\"about-six__content\">\r\n\t\t \t<div class=\"about-six__image\"><div class=\"content-inner\"><img decoding=\"async\" data-src=\"http:\/\/larendemetal.com.tr\/wp-content\/uploads\/2026\/04\/WhatsApp-Image-2026-04-25-at-13.22.37.jpeg\" alt=\"Quality Standards\" src=\"data:image\/svg+xml;base64,PHN2ZyB3aWR0aD0iMSIgaGVpZ2h0PSIxIiB4bWxucz0iaHR0cDovL3d3dy53My5vcmcvMjAwMC9zdmciPjwvc3ZnPg==\" class=\"lazyload\" style=\"--smush-placeholder-width: 2016px; --smush-placeholder-aspect-ratio: 2016\/1512;\" \/><\/div><\/div><div class=\"about-six__image-second\"><div class=\"content-inner\"><img decoding=\"async\" data-src=\"http:\/\/larendemetal.com.tr\/wp-content\/uploads\/2026\/04\/WhatsApp-Image-2026-04-25-at-13.22.54.jpeg\" alt=\"Quality Standards\" src=\"data:image\/svg+xml;base64,PHN2ZyB3aWR0aD0iMSIgaGVpZ2h0PSIxIiB4bWxucz0iaHR0cDovL3d3dy53My5vcmcvMjAwMC9zdmciPjwvc3ZnPg==\" class=\"lazyload\" style=\"--smush-placeholder-width: 900px; --smush-placeholder-aspect-ratio: 900\/900;\" \/><\/div><\/div>\t \t<\/div> \r\n\t \t \r\n  <\/div>\r\n \r\n\r\n <\/div>\t\t\t\t<\/div>\n\t\t\t\t<\/div>\n\t\t\t\t\t<\/div>\n\t\t<\/div>\n\t\t\t\t<div class=\"elementor-column elementor-col-50 elementor-top-column elementor-element elementor-element-a3c013c\" data-id=\"a3c013c\" data-element_type=\"column\" data-e-type=\"column\">\n\t\t\t<div class=\"elementor-widget-wrap elementor-element-populated\">\n\t\t\t\t\t\t<div class=\"elementor-element elementor-element-f60dc13 elementor-widget elementor-widget-accordion\" data-id=\"f60dc13\" data-element_type=\"widget\" data-e-type=\"widget\" data-widget_type=\"accordion.default\">\n\t\t\t\t<div class=\"elementor-widget-container\">\n\t\t\t\t\t\t\t<div class=\"elementor-accordion\">\n\t\t\t\t\t\t\t<div class=\"elementor-accordion-item\">\n\t\t\t\t\t<div id=\"elementor-tab-title-2581\" class=\"elementor-tab-title\" data-tab=\"1\" role=\"button\" aria-controls=\"elementor-tab-content-2581\" aria-expanded=\"false\">\n\t\t\t\t\t\t\t\t\t\t\t\t\t<span class=\"elementor-accordion-icon elementor-accordion-icon-left\" aria-hidden=\"true\">\n\t\t\t\t\t\t\t\t\t\t\t\t\t\t\t<span class=\"elementor-accordion-icon-closed\"><i class=\"fas fa-plus\"><\/i><\/span>\n\t\t\t\t\t\t\t\t<span class=\"elementor-accordion-icon-opened\"><i class=\"fas fa-minus\"><\/i><\/span>\n\t\t\t\t\t\t\t\t\t\t\t\t\t\t<\/span>\n\t\t\t\t\t\t\t\t\t\t\t\t<a class=\"elementor-accordion-title\" tabindex=\"0\">Ne kalitede \u00fcr\u00fcnler \u00fcretiyorsunuz?<\/a>\n\t\t\t\t\t<\/div>\n\t\t\t\t\t<div id=\"elementor-tab-content-2581\" class=\"elementor-tab-content elementor-clearfix\" data-tab=\"1\" role=\"region\" aria-labelledby=\"elementor-tab-title-2581\"><p>Firmam\u0131zdaki t\u00fcm \u00fcr\u00fcnler d\u00fcnyan\u0131n en kaliteli \u00fcreticilerinden tedarik edilmi\u015f malzemelerdir. Paslanmaz \u00e7eli\u011fin kalitesi ancak malzeme kullan\u0131ld\u0131\u011f\u0131 zaman, yani uzun vadede ortaya \u00e7\u0131kacak sonu\u00e7lar sayesinde anla\u015f\u0131labilir.<\/p><\/div>\n\t\t\t\t<\/div>\n\t\t\t\t\t\t\t<div class=\"elementor-accordion-item\">\n\t\t\t\t\t<div id=\"elementor-tab-title-2582\" class=\"elementor-tab-title\" data-tab=\"2\" role=\"button\" aria-controls=\"elementor-tab-content-2582\" aria-expanded=\"false\">\n\t\t\t\t\t\t\t\t\t\t\t\t\t<span class=\"elementor-accordion-icon elementor-accordion-icon-left\" aria-hidden=\"true\">\n\t\t\t\t\t\t\t\t\t\t\t\t\t\t\t<span class=\"elementor-accordion-icon-closed\"><i class=\"fas fa-plus\"><\/i><\/span>\n\t\t\t\t\t\t\t\t<span class=\"elementor-accordion-icon-opened\"><i class=\"fas fa-minus\"><\/i><\/span>\n\t\t\t\t\t\t\t\t\t\t\t\t\t\t<\/span>\n\t\t\t\t\t\t\t\t\t\t\t\t<a class=\"elementor-accordion-title\" tabindex=\"0\">Sipari\u015fleri ne kadar s\u00fcrede teslim ediyorsunuz?<\/a>\n\t\t\t\t\t<\/div>\n\t\t\t\t\t<div id=\"elementor-tab-content-2582\" class=\"elementor-tab-content elementor-clearfix\" data-tab=\"2\" role=\"region\" aria-labelledby=\"elementor-tab-title-2582\"><p>Amac\u0131m\u0131z, siz de\u011ferli m\u00fc\u015fterilerimizin beklentilerini istikrarl\u0131 kalite anlay\u0131\u015f\u0131 ile kar\u015f\u0131layarak, amat\u00f6r ruhlu ama profesyonel yap\u0131m\u0131z, m\u00fc\u015fteri odakl\u0131 \u00e7al\u0131\u015fma stratejimiz ve rekabet\u00e7i b\u00fcy\u00fcme potansiyelimiz ile \u201cen iyi\u201d \u015fekilde hizmet verebilmektir.<\/p><\/div>\n\t\t\t\t<\/div>\n\t\t\t\t\t\t\t<div class=\"elementor-accordion-item\">\n\t\t\t\t\t<div id=\"elementor-tab-title-2583\" class=\"elementor-tab-title\" data-tab=\"3\" role=\"button\" aria-controls=\"elementor-tab-content-2583\" aria-expanded=\"false\">\n\t\t\t\t\t\t\t\t\t\t\t\t\t<span class=\"elementor-accordion-icon elementor-accordion-icon-left\" aria-hidden=\"true\">\n\t\t\t\t\t\t\t\t\t\t\t\t\t\t\t<span class=\"elementor-accordion-icon-closed\"><i class=\"fas fa-plus\"><\/i><\/span>\n\t\t\t\t\t\t\t\t<span class=\"elementor-accordion-icon-opened\"><i class=\"fas fa-minus\"><\/i><\/span>\n\t\t\t\t\t\t\t\t\t\t\t\t\t\t<\/span>\n\t\t\t\t\t\t\t\t\t\t\t\t<a class=\"elementor-accordion-title\" tabindex=\"0\">Sizi neden tercih etmeliyiz?<\/a>\n\t\t\t\t\t<\/div>\n\t\t\t\t\t<div id=\"elementor-tab-content-2583\" class=\"elementor-tab-content elementor-clearfix\" data-tab=\"3\" role=\"region\" aria-labelledby=\"elementor-tab-title-2583\"><p>\u015eirketimiz \u00fcr\u00fcn geli\u015ftirme politikas\u0131 sadece g\u00fcvenlik, verimlilik ve paslanmaz \u00e7elik konusundaki temel gereksinimlerinizi kar\u015f\u0131lamakla kalmaz ayn\u0131 zamanda \u00fcr\u00fcnleriniz i\u00e7in iyi bir kullan\u0131m garantisi temin eder.<\/p><\/div>\n\t\t\t\t<\/div>\n\t\t\t\t\t\t\t\t<\/div>\n\t\t\t\t\t\t<\/div>\n\t\t\t\t<\/div>\n\t\t\t\t\t<\/div>\n\t\t<\/div>\n\t\t\t\t\t<\/div>\n\t\t<\/section>\n\t\t\t\t<\/div>\n\t\t<\/div><\/div>","protected":false},"excerpt":{"rendered":"<p>Hakk\u0131m\u0131zda Paslanmaz Metal Sekt\u00f6r\u00fcne Kaliteli G\u00fcvenilir \u00dcr\u00fcnler... Hakk\u0131m\u0131zda Metal Sekt\u00f6r\u00fcn\u00fcn ihtiyac\u0131n\u0131 kar\u015f\u0131l\u0131yoruz Larende Paslanmaz, paslanmaz \u00e7elik sekt\u00f6r\u00fcnde kalite, g\u00fcven ve s\u00fcrd\u00fcr\u00fclebilir hizmet anlay\u0131\u015f\u0131yla faaliyet g\u00f6steren gen\u00e7 ve dinamik bir firmad\u0131r. 5 y\u0131ll\u0131k kurumsal ge\u00e7mi\u015fine ra\u011fmen, temellerini sekt\u00f6r\u00fcn i\u00e7inden gelen g\u00fc\u00e7l\u00fc bir deneyime dayand\u0131rmaktad\u0131r.\u015eirket kurucumuzun 15 y\u0131l\u0131 a\u015fk\u0131n sekt\u00f6r tecr\u00fcbesi sayesinde, m\u00fc\u015fteri ihtiya\u00e7lar\u0131n\u0131 do\u011fru analiz eden, [&hellip;]<\/p>\n","protected":false},"author":1,"featured_media":0,"parent":0,"menu_order":0,"comment_status":"closed","ping_status":"closed","template":"","meta":{"footnotes":""},"class_list":["post-23","page","type-page","status-publish","hentry"],"_links":{"self":[{"href":"https:\/\/larendemetal.com.tr\/index.php?rest_route=\/wp\/v2\/pages\/23","targetHints":{"allow":["GET"]}}],"collection":[{"href":"https:\/\/larendemetal.com.tr\/index.php?rest_route=\/wp\/v2\/pages"}],"about":[{"href":"https:\/\/larendemetal.com.tr\/index.php?rest_route=\/wp\/v2\/types\/page"}],"author":[{"embeddable":true,"href":"https:\/\/larendemetal.com.tr\/index.php?rest_route=\/wp\/v2\/users\/1"}],"replies":[{"embeddable":true,"href":"https:\/\/larendemetal.com.tr\/index.php?rest_route=%2Fwp%2Fv2%2Fcomments&post=23"}],"version-history":[{"count":16,"href":"https:\/\/larendemetal.com.tr\/index.php?rest_route=\/wp\/v2\/pages\/23\/revisions"}],"predecessor-version":[{"id":930,"href":"https:\/\/larendemetal.com.tr\/index.php?rest_route=\/wp\/v2\/pages\/23\/revisions\/930"}],"wp:attachment":[{"href":"https:\/\/larendemetal.com.tr\/index.php?rest_route=%2Fwp%2Fv2%2Fmedia&parent=23"}],"curies":[{"name":"wp","href":"https:\/\/api.w.org\/{rel}","templated":true}]}}